{"id":1690,"date":"2018-08-30T13:52:58","date_gmt":"2018-08-30T16:52:58","guid":{"rendered":"https:\/\/ispam-cha.infd.edu.ar\/sitio\/autoridades\/"},"modified":"2022-11-09T08:22:17","modified_gmt":"2022-11-09T11:22:17","slug":"autoridades","status":"publish","type":"page","link":"https:\/\/ispam-cha.infd.edu.ar\/sitio\/autoridades\/","title":{"rendered":"Autoridades"},"content":{"rendered":"<p class=\"MsoNormal\" style=\"text-align: left;\"><span style=\"font-size: 14pt; font-family: 'book antiqua', palatino;\"><strong>Rector:<span style=\"color: #3366ff;\">\u00a0\u00a0<\/span><\/strong><span style=\"color: #3366ff;\"><span style=\"color: #333333;\">Gustavo Cant\u00f3n.<\/span><\/span><\/span><\/p>\n<p class=\"MsoNormal\" style=\"text-align: left;\"><span style=\"font-family: 'book antiqua', palatino; font-size: 14pt;\"><strong>Vicedirectora:<\/strong> <span style=\"color: #333333;\">Amalia Binder.<\/span><\/span><\/p>\n<p class=\"MsoNormal\" style=\"text-align: left;\"><span style=\"font-family: 'book antiqua', palatino; font-size: 14pt;\"><strong>Coordinadora Pedag\u00f3gica:<\/strong> <span style=\"color: #333333;\">Angel Garc\u00eda.<\/span><\/span><\/p>\n<p class=\"MsoNormal\" style=\"text-align: left;\"><span style=\"font-family: 'book antiqua', palatino; font-size: 14pt;\"><strong>Directora de Estudios:<\/strong> \u00a0Domingo Baldo.<strong><br \/>\n<\/strong><\/span><\/p>\n<p class=\"MsoNormal\" style=\"text-align: left;\"><span style=\"font-family: 'book antiqua', palatino; font-size: 14pt;\"><strong>Asesora Pedag\u00f3gica:<\/strong> <span style=\"color: #333333;\">Diana Suarez.<\/span><\/span><\/p>\n<p class=\"MsoNormal\" style=\"text-align: left;\"><span style=\"font-family: 'book antiqua', palatino; font-size: 14pt;\"><strong><span style=\"color: #000000;\">Secretaria Nivel Terciario: <\/span><\/strong><span style=\"color: #333333;\">Carlos Mart\u00ednez.<\/span><\/span><\/p>\n<p class=\"MsoNormal\" style=\"text-align: left;\"><span style=\"color: #000000; font-family: 'book antiqua', palatino; font-size: 14pt;\"><strong>Secretaria Nivel Medio:\u00a0<\/strong><span style=\"color: #333333;\">Luc\u00eda Oszust.<\/span><strong><span style=\"color: #000000;\"><br \/>\n<\/span><\/strong><\/span><\/p>\n<p class=\"MsoNormal\" style=\"text-align: left;\"><span style=\"font-family: 'book antiqua', palatino; font-size: 14pt;\"><span style=\"color: #000000;\"><strong>Jefa de\u00a0Preceptores:<\/strong> <\/span><span style=\"color: #333333;\">Miriam Prieto.<\/span><\/span><\/p>\n<p class=\"MsoNormal\" style=\"text-align: left;\"><strong><span style=\"color: #3366ff;\"><span style=\"font-size: small;\">\u00a0<\/span><\/span><\/strong><\/p>\n<p style=\"text-align: center;\"><span style=\"font-size: 12pt;\"><span style=\"font-size: small;\">\u00a0<\/span><\/span><\/p>\n","protected":false},"excerpt":{"rendered":"<p>Rector:\u00a0\u00a0Gustavo Cant\u00f3n. Vicedirectora: Amalia Binder. Coordinadora Pedag\u00f3gica: Angel Garc\u00eda. Directora de Estudios: \u00a0Domingo Baldo. Asesora Pedag\u00f3gica: Diana Suarez. Secretaria Nivel Terciario: Carlos Mart\u00ednez. Secretaria Nivel Medio:\u00a0Luc\u00eda Oszust. Jefa de\u00a0Preceptores: Miriam Prieto. \u00a0 \u00a0<\/p>\n","protected":false},"author":68,"featured_media":0,"parent":0,"menu_order":0,"comment_status":"closed","ping_status":"closed","template":"","meta":[],"acf":[],"_links":{"self":[{"href":"https:\/\/ispam-cha.infd.edu.ar\/sitio\/wp-json\/wp\/v2\/pages\/1690"}],"collection":[{"href":"https:\/\/ispam-cha.infd.edu.ar\/sitio\/wp-json\/wp\/v2\/pages"}],"about":[{"href":"https:\/\/ispam-cha.infd.edu.ar\/sitio\/wp-json\/wp\/v2\/types\/page"}],"author":[{"embeddable":true,"href":"https:\/\/ispam-cha.infd.edu.ar\/sitio\/wp-json\/wp\/v2\/users\/68"}],"replies":[{"embeddable":true,"href":"https:\/\/ispam-cha.infd.edu.ar\/sitio\/wp-json\/wp\/v2\/comments?post=1690"}],"version-history":[{"count":1,"href":"https:\/\/ispam-cha.infd.edu.ar\/sitio\/wp-json\/wp\/v2\/pages\/1690\/revisions"}],"predecessor-version":[{"id":1853,"href":"https:\/\/ispam-cha.infd.edu.ar\/sitio\/wp-json\/wp\/v2\/pages\/1690\/revisions\/1853"}],"wp:attachment":[{"href":"https:\/\/ispam-cha.infd.edu.ar\/sitio\/wp-json\/wp\/v2\/media?parent=1690"}],"curies":[{"name":"wp","href":"https:\/\/api.w.org\/{rel}","templated":true}]}}